{"id":3642,"date":"2023-07-12T08:53:23","date_gmt":"2023-07-12T06:53:23","guid":{"rendered":"https:\/\/www.simes.si\/varstvo-osebnih-podatkov-in-piskotki\/"},"modified":"2023-09-05T11:33:14","modified_gmt":"2023-09-05T09:33:14","slug":"cookies","status":"publish","type":"page","link":"https:\/\/www.simes.si\/en\/cookies\/","title":{"rendered":"Cookies"},"content":{"rendered":"\t\t<div data-elementor-type=\"wp-page\" data-elementor-id=\"3642\" class=\"elementor elementor-3642 elementor-1961\" data-elementor-post-type=\"page\">\n\t\t\t\t\t\t\t\t\t<section class=\"elementor-section elementor-top-section elementor-element elementor-element-f9e5b5d elementor-section-boxed elementor-section-height-default elementor-section-height-default\" data-id=\"f9e5b5d\" data-element_type=\"section\">\n\t\t\t\t\t\t<div class=\"elementor-container elementor-column-gap-default\">\n\t\t\t\t\t<div class=\"elementor-column elementor-col-100 elementor-top-column elementor-element elementor-element-d59ba4c\" data-id=\"d59ba4c\" data-element_type=\"column\">\n\t\t\t<div class=\"elementor-widget-wrap elementor-element-populated\">\n\t\t\t\t\t\t\t\t<div class=\"elementor-element elementor-element-8c1f831 elementor-widget elementor-widget-heading\" data-id=\"8c1f831\" data-element_type=\"widget\" data-widget_type=\"heading.default\">\n\t\t\t\t<div class=\"elementor-widget-container\">\n\t\t\t<h2 class=\"elementor-heading-title elementor-size-default\">Spletni pi\u0161kotki<\/h2>\t\t<\/div>\n\t\t\t\t<\/div>\n\t\t\t\t<div class=\"elementor-element elementor-element-97f069c elementor-widget elementor-widget-text-editor\" data-id=\"97f069c\" data-element_type=\"widget\" data-widget_type=\"text-editor.default\">\n\t\t\t\t<div class=\"elementor-widget-container\">\n\t\t\t\t\t\t\t<p>Spletni pi\u0161kotki omogo\u010dajo pravilno delovanje vseh funkcij spletnega mesta in vam omogo\u010dajo prijazno uporabni\u0161ko izku\u0161njo.<\/p>\t\t\t\t\t\t<\/div>\n\t\t\t\t<\/div>\n\t\t\t\t<div class=\"elementor-element elementor-element-3d0d6a7 elementor-widget elementor-widget-bdt-accordion\" data-id=\"3d0d6a7\" data-element_type=\"widget\" data-widget_type=\"bdt-accordion.default\">\n\t\t\t\t<div class=\"elementor-widget-container\">\n\t\t\t        <div class=\"bdt-ep-accordion-container\">\n            <div id=\"bdt-ep-accordion-3d0d6a7\" class=\"bdt-ep-accordion bdt-accordion\" data-bdt-accordion=\"{&quot;collapsible&quot;:true,&quot;multiple&quot;:false,&quot;transition&quot;:&quot;ease-in-out&quot;}\" data-settings=\"{&quot;id&quot;:&quot;bdt-ep-accordion-3d0d6a7&quot;,&quot;activeHash&quot;:&quot;no&quot;,&quot;activeScrollspy&quot;:null,&quot;hashTopOffset&quot;:false,&quot;hashScrollspyTime&quot;:false}\">\n                                    <div class=\"bdt-ep-accordion-item\">\n                        <div class=\"bdt-ep-accordion-title bdt-accordion-title bdt-flex bdt-flex-middle bdt-flex-between\" id=\"bdt-ep-accordion-kaj-so-spletni-pikotki\" data-accordion-index=\"0\" data-title=\"kaj-so-spletni-pi-kotki\" role=\"heading\">\n\n                                                            <span class=\"bdt-ep-accordion-icon bdt-flex-align-right\" aria-hidden=\"true\">\n\n                                                                            <span class=\"bdt-ep-accordion-icon-closed\">\n                                            <i aria-hidden=\"true\" class=\"fa-fw iconsimes icon-simeslevo\"><\/i>                                        <\/span>\n                                    \n                                                                            <span class=\"bdt-ep-accordion-icon-opened\">\n                                            <i aria-hidden=\"true\" class=\"fa-fw iconsimes icon-simesdesno\"><\/i>                                        <\/span>\n                                    \n                                <\/span>\n                            \n                            <span class=\"bdt-ep-title-text bdt-flex bdt-flex-middle\">\n\n                                                                Kaj so spletni pi\u0161kotki?                            <\/span>\n\n                        <\/div>\n                        <div class=\"bdt-ep-accordion-content bdt-accordion-content\">\n                            <p>Pi\u0161kotki so majhne tekstovne datoteke, ki se shranijo na va\u0161 ra\u010dunalnik ob obisku na\u0161ega spletnega mesta in ne \u0161kodijo va\u0161i strojni ali programski opremi. Njihovo shranjevanje je pod popolnim nadzorom brskalnika, ki ga ima uporabnik \u2013 ta lahko shranjevanje pi\u0161kotkov po \u017eelji omeji ali onemogo\u010di.<\/p><p>Pi\u0161kotki niso \u0161kodljivi in so vedno \u010dasovno omejeni.<\/p><p>Uporabo pi\u0161kotkov v Evropski uniji (EU) dolo\u010da Direktiva o zasebnosti in elektronskih komunikacijah 2002\/58\/ES, katere \u010dlen, ki se nana\u0161a na pi\u0161kotke in podobne tehnologije, je bil spremenjen z Direktivo 136\/2009.<\/p><p>V slovenski zakonodaji uporabo pi\u0161kotkov dolo\u010da Zakon o elektronskih komunikacijah oziroma ZEKom-1 (Uradni list \u0161t. 109\/2012), katerega 157. \u010dlen predstavlja pravno osnovo za skrb za zasebnost uporabnikov spleta.<\/p><p>Spletna stran\u00a0<a href=\"https:\/\/simes.si\/\" target=\"_blank\" rel=\"noopener\">www.simes.si<\/a>\u00a0za delovanje strani uporablja pi\u0161kotke, ki ne hranijo osebnih podatkov, spremljajo pa aktivnosti obiskovalcev in zanimanje z namenom zagotavljanja bolj\u0161e uporabni\u0161ke izku\u0161nje. Z uporabo spletne strani obiskovalci sogla\u0161ajo z njihovo uporabo.<\/p>                        <\/div>\n                    <\/div>\n                                    <div class=\"bdt-ep-accordion-item\">\n                        <div class=\"bdt-ep-accordion-title bdt-accordion-title bdt-flex bdt-flex-middle bdt-flex-between\" id=\"bdt-ep-accordion-zakaj-so-spletni-pikotki-potrebni\" data-accordion-index=\"1\" data-title=\"zakaj-so-spletni-pi-kotki-potrebni\" role=\"heading\">\n\n                                                            <span class=\"bdt-ep-accordion-icon bdt-flex-align-right\" aria-hidden=\"true\">\n\n                                                                            <span class=\"bdt-ep-accordion-icon-closed\">\n                                            <i aria-hidden=\"true\" class=\"fa-fw iconsimes icon-simeslevo\"><\/i>                                        <\/span>\n                                    \n                                                                            <span class=\"bdt-ep-accordion-icon-opened\">\n                                            <i aria-hidden=\"true\" class=\"fa-fw iconsimes icon-simesdesno\"><\/i>                                        <\/span>\n                                    \n                                <\/span>\n                            \n                            <span class=\"bdt-ep-title-text bdt-flex bdt-flex-middle\">\n\n                                                                Zakaj so spletni pi\u0161kotki potrebni?                            <\/span>\n\n                        <\/div>\n                        <div class=\"bdt-ep-accordion-content bdt-accordion-content\">\n                            <p>So temeljnega pomena za zagotavljanje uporabniku prijaznih spletnih storitev. Interakcija med spletnim uporabnikom in spletnim mestom je s pomo\u010djo pi\u0161kotkov hitrej\u0161a in preprostej\u0161a. Z njihovo pomo\u010djo si spletno mesto zapomni posameznikove preference in izku\u0161nje, s tem je prihranjen \u010das, brskanje po spletnih mestih pa bolj u\u010dinkovito in prijazno.<\/p><p>Podjetje vsakemu uporabniku ob za\u010detku vsakokratne uporabe spletne trgovine dodeli pi\u0161kotek za identifikacijo, spremljanje nakupovalne ko\u0161arice in zagotavljanje sledljivosti, ki se v pomnilniku stre\u017enika shranjuje le za \u010das trajanja obiska spletne trgovine in se izbri\u0161e po eni uri neaktivnosti. Podjetje lahko na osebni ra\u010dunalnik uporabnika shrani tudi nekatere trajne pi\u0161kotke, kot npr. identifikacijska \u0161tevilka uporabnika v \u0161ifrirani obliki za prepoznavanje ob naslednjem obisku spletne trgovine ali ocene artiklov, s pomo\u010djo katerega uporabnik ve, katere artikle je \u017ee ocenil, posredno pa tudi pi\u0161kotke zunanje storitve Google Analytics, ki slu\u017eijo analizi obiskov spletnega mesta. Podjetje lahko te podatke v anonimizirani sumarni obliki uporabi za namene statisti\u010dnih analiz. Za potrebe zagotavljanja spletne varnosti podjetje zbira tudi IP naslove, iz katerih uporabniki dostopajo do spletne trgovine.<\/p>                        <\/div>\n                    <\/div>\n                                    <div class=\"bdt-ep-accordion-item\">\n                        <div class=\"bdt-ep-accordion-title bdt-accordion-title bdt-flex bdt-flex-middle bdt-flex-between\" id=\"bdt-ep-accordion-onemogoanje-pikotkov\" data-accordion-index=\"2\" data-title=\"onemogo-anje-pi-kotkov\" role=\"heading\">\n\n                                                            <span class=\"bdt-ep-accordion-icon bdt-flex-align-right\" aria-hidden=\"true\">\n\n                                                                            <span class=\"bdt-ep-accordion-icon-closed\">\n                                            <i aria-hidden=\"true\" class=\"fa-fw iconsimes icon-simeslevo\"><\/i>                                        <\/span>\n                                    \n                                                                            <span class=\"bdt-ep-accordion-icon-opened\">\n                                            <i aria-hidden=\"true\" class=\"fa-fw iconsimes icon-simesdesno\"><\/i>                                        <\/span>\n                                    \n                                <\/span>\n                            \n                            <span class=\"bdt-ep-title-text bdt-flex bdt-flex-middle\">\n\n                                                                Onemogo\u010danje pi\u0161kotkov                            <\/span>\n\n                        <\/div>\n                        <div class=\"bdt-ep-accordion-content bdt-accordion-content\">\n                            <p>Vi odlo\u010dite, ali boste dovolili shranjevanje pi\u0161kotkov na va\u0161i napravi. Nastavitve za pi\u0161kotke lahko nadzirate in spreminjate v va\u0161em spletnem brskalniku.<\/p><p>Za informacije o nastavitvah za pi\u0161kotke izberite spletni brskalnik, ki ga uporabljate:<\/p><p><a href=\"https:\/\/support.google.com\/chrome\/answer\/95647?hl=sl-sl&amp;p=cpn_cookies\" target=\"_blank\" rel=\"nofollow noopener\">Chrome<\/a><\/p><p><a href=\"https:\/\/support.mozilla.org\/si\/kb\/enhanced-tracking-protection-firefox-desktop?redirectslug=enable-and-disable-cookies-website-preferences&amp;redirectlocale=en-US\" target=\"_blank\" rel=\"nofollow noopener\">Firefox<\/a><\/p><p><a href=\"https:\/\/help.opera.com\/en\/latest\/\" target=\"_blank\" rel=\"nofollow noopener\">Opera<\/a><\/p><p><a href=\"https:\/\/support.microsoft.com\/sl-si\/windows\/brisanje-in-upravljanje-pi%C5%A1kotkov-168dab11-0753-043d-7c16-ede5947fc64d\" target=\"_blank\" rel=\"nofollow noopener\">Internet Explorer 9<\/a><\/p><p><a href=\"https:\/\/support.microsoft.com\/sl-si\/windows\/brisanje-in-upravljanje-pi%C5%A1kotkov-168dab11-0753-043d-7c16-ede5947fc64d\" target=\"_blank\" rel=\"nofollow noopener\">Internet Explorer 7 in 8<\/a><\/p><p><a href=\"https:\/\/support.apple.com\/sl-si\/guide\/safari\/sfri11471\/mac\" target=\"_blank\" rel=\"nofollow noopener\">Safari<\/a><\/p><p>\u010ce spremenite, ali izbri\u0161ete brskalnikovo datoteko s pi\u0161kotki, spremenite ali nadgradite va\u0161 brskalnik ali napravo, boste morda morali ponovno onemogo\u010diti pi\u0161kotke. Postopek za upravljanje in brisanje pi\u0161kotkov se razlikuje od brskalnika do brskalnika. \u010ce pri tem potrebujete pomo\u010d, lahko pogledate v brskalnikovi pomo\u010di uporabnikom.<\/p>                        <\/div>\n                    <\/div>\n                                    <div class=\"bdt-ep-accordion-item\">\n                        <div class=\"bdt-ep-accordion-title bdt-accordion-title bdt-flex bdt-flex-middle bdt-flex-between\" id=\"bdt-ep-accordion-odveza-odgovornosti\" data-accordion-index=\"3\" data-title=\"odveza-odgovornosti\" role=\"heading\">\n\n                                                            <span class=\"bdt-ep-accordion-icon bdt-flex-align-right\" aria-hidden=\"true\">\n\n                                                                            <span class=\"bdt-ep-accordion-icon-closed\">\n                                            <i aria-hidden=\"true\" class=\"fa-fw iconsimes icon-simeslevo\"><\/i>                                        <\/span>\n                                    \n                                                                            <span class=\"bdt-ep-accordion-icon-opened\">\n                                            <i aria-hidden=\"true\" class=\"fa-fw iconsimes icon-simesdesno\"><\/i>                                        <\/span>\n                                    \n                                <\/span>\n                            \n                            <span class=\"bdt-ep-title-text bdt-flex bdt-flex-middle\">\n\n                                                                Odveza odgovornosti                            <\/span>\n\n                        <\/div>\n                        <div class=\"bdt-ep-accordion-content bdt-accordion-content\">\n                            <p>Ponudnik se po svojih najbolj\u0161ih mo\u010deh trudi zagotoviti a\u017eurnost in pravilnost podatkov, ki so objavljeni na njegovih straneh in trgovini. Kljub temu pa se lahko lastnosti artiklov, rok dobave ali cena spremenijo tako hitro, da ponudnik ne uspe popraviti podatkov na spletnih straneh. V tem primeru, bo ponudnik kupca obvestil o spremembah in mu omogo\u010dil odstop od naro\u010dila ali zamenjavo naro\u010denega artikla.<\/p><p>Podjetje Simes d.o.o. ni odgovorno za morebitno neto\u010dnost informacij in tudi ne za morebitno \u0161kodo, nastalo zaradi uporabe neto\u010dnih ali nepopolnih informacij prav tako pa tudi ne za primere, da dostop in uporaba informacij na teh spletnih straneh ni mogo\u010da.<\/p><p>Prepovedano je kopiranje besedila in slik brez predhodnega pisnega dovoljenja podjetja Simes d.o.o.<\/p>                        <\/div>\n                    <\/div>\n                                    <div class=\"bdt-ep-accordion-item\">\n                        <div class=\"bdt-ep-accordion-title bdt-accordion-title bdt-flex bdt-flex-middle bdt-flex-between\" id=\"bdt-ep-accordion-katere-pikotke-uporabljamo\" data-accordion-index=\"4\" data-title=\"katere-pi-kotke-uporabljamo\" role=\"heading\">\n\n                                                            <span class=\"bdt-ep-accordion-icon bdt-flex-align-right\" aria-hidden=\"true\">\n\n                                                                            <span class=\"bdt-ep-accordion-icon-closed\">\n                                            <i aria-hidden=\"true\" class=\"fa-fw iconsimes icon-simeslevo\"><\/i>                                        <\/span>\n                                    \n                                                                            <span class=\"bdt-ep-accordion-icon-opened\">\n                                            <i aria-hidden=\"true\" class=\"fa-fw iconsimes icon-simesdesno\"><\/i>                                        <\/span>\n                                    \n                                <\/span>\n                            \n                            <span class=\"bdt-ep-title-text bdt-flex bdt-flex-middle\">\n\n                                                                Katere pi\u0161kotke uporabljamo?                            <\/span>\n\n                        <\/div>\n                        <div class=\"bdt-ep-accordion-content bdt-accordion-content\">\n                            <p>simes.si uporablja naslednje pi\u0161kotke:<\/p><table><tbody><tr><td><p><b>Izdajatelj<\/b><\/p><\/td><td><p><b>Oznaka<\/b><\/p><\/td><td><p><b>Veljavnost<\/b><\/p><\/td><td><p><b>Namen<\/b><\/p><\/td><\/tr><tr><td><p>Google Analytics<\/p><\/td><td><p>_utma<\/p><\/td><td><p>730 dni<\/p><\/td><td><p>Statistika ogledov spletne strani<\/p><\/td><\/tr><tr><td><p>Google Analytics<\/p><\/td><td><p>_utma<\/p><\/td><td><p>30 min<\/p><\/td><td><p>Statistika ogledov spletne strani<\/p><\/td><\/tr><tr><td><p>Google Analytics<\/p><\/td><td><p>_utma<\/p><\/td><td><p>do zaprtja brskalnika<\/p><\/td><td><p>Statistika ogledov spletne strani<\/p><\/td><\/tr><tr><td><p>Google Analytics<\/p><\/td><td><p>_utma<\/p><\/td><td><p>182 dni<\/p><\/td><td><p>Statistika ogledov spletne strani<\/p><\/td><\/tr><\/tbody><\/table><p>Spletna stran uporablja sistemski pi\u0161kotek, ki je potreben za za\u0161\u010dito spletne strani:<\/p><table><tbody><tr><td><p>simes.si<\/p><\/td><td><p>s1<\/p><p>PH_HPXY_CHECK<\/p><\/td><td><p>Do zaprtja seje<\/p><\/td><td><p>Pi\u0161kotek uporablja varnostni sistem za prepre\u010devanje brute foce napadov in ne omogo\u010da identifikacije posameznega uporabnika.<\/p><\/td><\/tr><tr><td><p>simes.si<\/p><\/td><td><p>moove_gdpr_popup<\/p><\/td><td><p>365 dni<\/p><\/td><td><p>Dovoljenje za uporabo pi\u0161kotkov<\/p><\/td><\/tr><tr><td><p>simes.si<\/p><\/td><td><p>wp-wpml_current_language<\/p><\/td><td><p>Do zaprtja seje<\/p><\/td><td><p>Pi\u0161kotek za izbiro jezika<\/p><\/td><\/tr><\/tbody><\/table>                        <\/div>\n                    <\/div>\n                            <\/div>\n        <\/div>\n    \t\t<\/div>\n\t\t\t\t<\/div>\n\t\t\t\t\t<\/div>\n\t\t<\/div>\n\t\t\t\t\t\t\t<\/div>\n\t\t<\/section>\n\t\t\t\t\t\t\t<\/div>\n\t\t","protected":false},"excerpt":{"rendered":"<p>Spletni pi\u0161kotki Spletni pi\u0161kotki omogo\u010dajo pravilno delovanje vseh funkcij spletnega mesta in vam omogo\u010dajo prijazno uporabni\u0161ko izku\u0161njo. Kaj so spletni pi\u0161kotki? Pi\u0161kotki so majhne tekstovne datoteke, ki se shranijo na va\u0161 ra\u010dunalnik ob obisku na\u0161ega spletnega mesta in ne \u0161kodijo va\u0161i strojni ali programski opremi. Njihovo shranjevanje je pod popolnim nadzorom brskalnika, ki ga ima [&hellip;]<\/p>\n","protected":false},"author":1,"featured_media":0,"parent":0,"menu_order":0,"comment_status":"closed","ping_status":"closed","template":"elementor_header_footer","meta":{"footnotes":""},"class_list":["post-3642","page","type-page","status-publish","hentry"],"_links":{"self":[{"href":"https:\/\/www.simes.si\/en\/wp-json\/wp\/v2\/pages\/3642","targetHints":{"allow":["GET"]}}],"collection":[{"href":"https:\/\/www.simes.si\/en\/wp-json\/wp\/v2\/pages"}],"about":[{"href":"https:\/\/www.simes.si\/en\/wp-json\/wp\/v2\/types\/page"}],"author":[{"embeddable":true,"href":"https:\/\/www.simes.si\/en\/wp-json\/wp\/v2\/users\/1"}],"replies":[{"embeddable":true,"href":"https:\/\/www.simes.si\/en\/wp-json\/wp\/v2\/comments?post=3642"}],"version-history":[{"count":5,"href":"https:\/\/www.simes.si\/en\/wp-json\/wp\/v2\/pages\/3642\/revisions"}],"predecessor-version":[{"id":4123,"href":"https:\/\/www.simes.si\/en\/wp-json\/wp\/v2\/pages\/3642\/revisions\/4123"}],"wp:attachment":[{"href":"https:\/\/www.simes.si\/en\/wp-json\/wp\/v2\/media?parent=3642"}],"curies":[{"name":"wp","href":"https:\/\/api.w.org\/{rel}","templated":true}]}}